{"id":4428,"date":"2024-10-09T12:16:49","date_gmt":"2024-10-09T12:16:49","guid":{"rendered":"https:\/\/link-store.tn\/?post_type=product&#038;p=4428"},"modified":"2024-10-09T12:26:55","modified_gmt":"2024-10-09T12:26:55","slug":"smartphone-samsung-galaxy-a15-6-128","status":"publish","type":"product","link":"https:\/\/link-store.tn\/?product=smartphone-samsung-galaxy-a15-6-128","title":{"rendered":"Smartphone Samsung Galaxy A15 6\/128"},"content":{"rendered":"<div id=\"description\" class=\"tab-pane\" role=\"tabpanel\">\n<div id=\"fonctiona\" class=\"product-description\">\n<p>&nbsp;<\/p>\n<h2>Le Samsung Galaxy A15 6\/128 Go est disponible en Tunisie au meilleur prix.<\/h2>\n<p>Le Galaxy A15 6\/128 Go est facile \u00e0 utiliser avec un grand \u00e9cran de 6,5 pouces, un processeur puissant, 6 Go de RAM et un stockage suffisant jusqu&rsquo;\u00e0 128 Go. Prenez de superbes photos avec l&rsquo;appareil photo 50MP et oubliez les probl\u00e8mes de batterie gr\u00e2ce \u00e0 la longue dur\u00e9e de vie de 5 000 mAh. <img decoding=\"async\" src=\"https:\/\/images.samsung.com\/is\/image\/samsung\/p6pim\/levant\/feature\/164944029\/levant-feature-balanced-simplicity-539449892?$FB_TYPE_A_JPG$\" alt=\"samsung a15 prix tunisie\" width=\"100%\" height=\"100%\" \/><\/p>\n<h2>le Galaxy A15 6\/128Go arrive avec un : \u00c9cran ultra vivant<\/h2>\n<p>D\u00e9couvrez l&rsquo;\u00e9clat de l&rsquo;\u00e9cran Super AMOLED de 6,5 pouces du Galaxy A15, qui donne vie aux couleurs et pr\u00e9sente un contraste incroyable. Profitez d&rsquo;une exp\u00e9rience visuelle fluide avec son taux de rafra\u00eechissement de 90 Hz et sa luminosit\u00e9 maximale impressionnante de 800 nits (HBM), garantissant une clart\u00e9 m\u00eame en plein soleil. Plongez dans une clart\u00e9 visuelle exceptionnelle avec la r\u00e9solution FHD de 1080 x 2340 pixels.<\/p>\n<p><img decoding=\"async\" src=\"https:\/\/images.samsung.com\/is\/image\/samsung\/p6pim\/levant\/feature\/164944028\/levant-feature-super-vivid-and-bright-display-539449888?$FB_TYPE_A_JPG$\" alt=\"samsung a15 prix tunisie\" width=\"100%\" height=\"100%\" \/><\/p>\n<h2>Exploration visuelle avec la cam\u00e9ra avanc\u00e9e du Galaxy A15<\/h2>\n<p>Lib\u00e9rez votre cr\u00e9ativit\u00e9 et capturez l&rsquo;essence de votre environnement d&rsquo;une mani\u00e8re in\u00e9gal\u00e9e avec le Galaxy A15. Avec son remarquable appareil photo principal de 50 MP, chaque d\u00e9tail complexe est magnifiquement pr\u00e9serv\u00e9. \u00c9largissez vos horizons avec l&rsquo;objectif ultra-large de 5 MP et explorez le monde de la photographie de paysage, ou rapprochez-vous de l&rsquo;objectif macro de 2 MP pour de superbes gros plans. La cam\u00e9ra frontale de 13 MP garantit des selfies vibrants et captivants qui refl\u00e8tent v\u00e9ritablement votre personnalit\u00e9. Ne laissez aucun moment vous \u00e9chapper, car le Galaxy A15 vous permet d&rsquo;enregistrer des vid\u00e9os HD 1080p \u00e0 une vitesse de 30 images par seconde, m\u00eame lorsque vous \u00eates en d\u00e9placement. Embrassez votre c\u00f4t\u00e9 artistique et laissez libre cours \u00e0 votre imagination avec le Galaxy A15, vous permettant d&rsquo;exprimer votre cr\u00e9ativit\u00e9 chaque fois que l&rsquo;inspiration vous vient.<\/p>\n<p><img decoding=\"async\" src=\"https:\/\/images.samsung.com\/is\/image\/samsung\/p6pim\/levant\/feature\/164944031\/levant-feature-create-your-shot-with-multi-cameras-539449896?$FB_TYPE_K_JPG$\" alt=\"samsung a15 prix tunisie\" width=\"100%\" height=\"100%\" \/><\/p>\n<h2>Puissance mobile prolong\u00e9e : D\u00e9couvrez l&rsquo;endurance de cette batterie<\/h2>\n<p>Avec ses performances r\u00e9actives, le Galaxy A15 est \u00e9quip\u00e9 d&rsquo;un processeur octa-core Helio G99, jusqu&rsquo;\u00e0 6 Go de RAM et 128 Go de stockage. Assurant une utilisation durable, l&rsquo;appareil est aliment\u00e9 par une batterie de 5 000 mAh, tandis que sa connectivit\u00e9 4G garantit une navigation rapide. Fonctionnant sous Android 14 avec One UI 6, le Galaxy A15 offre une exp\u00e9rience fluide et conviviale, consolidant sa position de compagnon fiable pour un usage quotidien.<\/p>\n<p>&nbsp;<\/p>\n<\/div>\n<\/div>\n","protected":false},"excerpt":{"rendered":"<div class=\"markup -pam\">\n<ul>\n<li>\u00c9cran<strong> 6.5&Prime; Super Amoled (2340x 1080px FHD+) <\/strong><\/li>\n<li>Processeur:<strong> Mediatek H\u00e9lio G99 (6 nm) Octa-core<\/strong><\/li>\n<li>Syst\u00e8me d&rsquo;exploitation:<strong> Android 14<\/strong><\/li>\n<li>M\u00e9moire RAM: <strong>6Go <\/strong><\/li>\n<li>Stockage: <strong>128Go<\/strong><\/li>\n<li>Appareil photo Arri\u00e8re: <strong>Trio 50MP + 5MP + 2MP<\/strong><\/li>\n<li>Appareil Photo Frontale: <strong>13MP<\/strong><\/li>\n<li>Connectivit\u00e9: <strong>4G,\u00a0<\/strong>Wifi et Bluetooth 5.3<\/li>\n<li><strong>Double SIM<\/strong><\/li>\n<li>Capacit\u00e9 de la batterie:<strong> 5000 mAh<\/strong><\/li>\n<li><strong>Super Charge 25W<\/strong><\/li>\n<li><strong> Empreinte digitale &#8211; NFC<\/strong><\/li>\n<li>Couleur: Noir<\/li>\n<li>Garantie: 1 an<\/li>\n<\/ul>\n<\/div>\n","protected":false},"featured_media":4429,"template":"","meta":{"rank_math_lock_modified_date":false},"product_cat":[72,87],"product_tag":[],"class_list":{"0":"post-4428","1":"product","2":"type-product","3":"status-publish","4":"has-post-thumbnail","6":"product_cat-mobile_phone","7":"product_cat-smartphone","8":"product_brand-samsung","10":"first","11":"instock","12":"taxable","13":"shipping-taxable","14":"purchasable","15":"product-type-simple","16":"col-xs-6 col-sm-4","17":"col-md-3 col-lg-3","18":"un-4-cols"},"jetpack_sharing_enabled":true,"_links":{"self":[{"href":"https:\/\/link-store.tn\/index.php?rest_route=\/wp\/v2\/product\/4428","targetHints":{"allow":["GET"]}}],"collection":[{"href":"https:\/\/link-store.tn\/index.php?rest_route=\/wp\/v2\/product"}],"about":[{"href":"https:\/\/link-store.tn\/index.php?rest_route=\/wp\/v2\/types\/product"}],"wp:featuredmedia":[{"embeddable":true,"href":"https:\/\/link-store.tn\/index.php?rest_route=\/wp\/v2\/media\/4429"}],"wp:attachment":[{"href":"https:\/\/link-store.tn\/index.php?rest_route=%2Fwp%2Fv2%2Fmedia&parent=4428"}],"wp:term":[{"taxonomy":"product_cat","embeddable":true,"href":"https:\/\/link-store.tn\/index.php?rest_route=%2Fwp%2Fv2%2Fproduct_cat&post=4428"},{"taxonomy":"product_tag","embeddable":true,"href":"https:\/\/link-store.tn\/index.php?rest_route=%2Fwp%2Fv2%2Fproduct_tag&post=4428"}],"curies":[{"name":"wp","href":"https:\/\/api.w.org\/{rel}","templated":true}]}}