{"id":4614,"date":"2024-10-11T08:51:11","date_gmt":"2024-10-11T08:51:11","guid":{"rendered":"https:\/\/link-store.tn\/?post_type=product&#038;p=4614"},"modified":"2024-10-11T08:57:33","modified_gmt":"2024-10-11T08:57:33","slug":"cable-jack-vers-rca1-5-metre","status":"publish","type":"product","link":"https:\/\/link-store.tn\/?product=cable-jack-vers-rca1-5-metre","title":{"rendered":"C\u00e2ble Jack Vers RCA1.5 m\u00e8tre"},"content":{"rendered":"<ul>\n<li>Prise jack 3,5 mm \u00e0 3 fiches RCA m\u00e2le \u00e0 m\u00e2le<\/li>\n<li>Trois connecteurs RCA<\/li>\n<li>Longueur du c\u00e2ble 1.5 m\u00e8tre<\/li>\n<\/ul>\n","protected":false},"excerpt":{"rendered":"<ul>\n<li>Prise jack 3,5 mm \u00e0 3 fiches RCA m\u00e2le \u00e0 m\u00e2le<\/li>\n<li>Trois connecteurs RCA<\/li>\n<li>Longueur du c\u00e2ble 1.5 m\u00e8tre<\/li>\n<\/ul>\n","protected":false},"featured_media":4615,"template":"","meta":{"rank_math_lock_modified_date":false},"product_cat":[103,62],"product_tag":[],"class_list":{"0":"post-4614","1":"product","2":"type-product","3":"status-publish","4":"has-post-thumbnail","6":"product_cat-accessoires_tv","7":"product_cat-tv-recepteurs","9":"first","10":"instock","11":"taxable","12":"shipping-taxable","13":"purchasable","14":"product-type-simple","15":"col-xs-6 col-sm-4","16":"col-md-3 col-lg-3","17":"un-4-cols"},"jetpack_sharing_enabled":true,"_links":{"self":[{"href":"https:\/\/link-store.tn\/index.php?rest_route=\/wp\/v2\/product\/4614","targetHints":{"allow":["GET"]}}],"collection":[{"href":"https:\/\/link-store.tn\/index.php?rest_route=\/wp\/v2\/product"}],"about":[{"href":"https:\/\/link-store.tn\/index.php?rest_route=\/wp\/v2\/types\/product"}],"wp:featuredmedia":[{"embeddable":true,"href":"https:\/\/link-store.tn\/index.php?rest_route=\/wp\/v2\/media\/4615"}],"wp:attachment":[{"href":"https:\/\/link-store.tn\/index.php?rest_route=%2Fwp%2Fv2%2Fmedia&parent=4614"}],"wp:term":[{"taxonomy":"product_cat","embeddable":true,"href":"https:\/\/link-store.tn\/index.php?rest_route=%2Fwp%2Fv2%2Fproduct_cat&post=4614"},{"taxonomy":"product_tag","embeddable":true,"href":"https:\/\/link-store.tn\/index.php?rest_route=%2Fwp%2Fv2%2Fproduct_tag&post=4614"}],"curies":[{"name":"wp","href":"https:\/\/api.w.org\/{rel}","templated":true}]}}