{"id":4659,"date":"2024-10-11T11:34:26","date_gmt":"2024-10-11T11:34:26","guid":{"rendered":"https:\/\/link-store.tn\/?post_type=product&#038;p=4659"},"modified":"2024-10-11T11:41:08","modified_gmt":"2024-10-11T11:41:08","slug":"ring-light-mj36-avec-trepied","status":"publish","type":"product","link":"https:\/\/link-store.tn\/?product=ring-light-mj36-avec-trepied","title":{"rendered":"Ring Light MJ36 avec Tr\u00e9pied"},"content":{"rendered":"<ul>\n<li>Anneau lumineux Selfie avec tr\u00e9pied<\/li>\n<li>Plusieurs couleurs Lumineux<\/li>\n<li>10 luminosit\u00e9 r\u00e9glable<\/li>\n<li>Alimentation USB<\/li>\n<li>Rotation \u00e0 360\u00b0<\/li>\n<li>Tr\u00e9pied R\u00e9glable de hauteur 1.6 m.<\/li>\n<li>Accessoires inclus :Tr\u00e9pied, support de t\u00e9l\u00e9phone portable, c\u00e2bles, illuminateur<\/li>\n<\/ul>\n","protected":false},"excerpt":{"rendered":"<ul>\n<li>Anneau lumineux Selfie avec tr\u00e9pied<\/li>\n<li>Plusieurs couleurs Lumineux<\/li>\n<li>10 luminosit\u00e9 r\u00e9glable<\/li>\n<li>Alimentation USB<\/li>\n<li>Rotation \u00e0 360\u00b0<\/li>\n<li>Tr\u00e9pied R\u00e9glable de hauteur 1.6 m.<\/li>\n<li>Accessoires inclus :Tr\u00e9pied, support de t\u00e9l\u00e9phone portable, c\u00e2bles, illuminateur<\/li>\n<\/ul>\n","protected":false},"featured_media":4660,"template":"","meta":{"rank_math_lock_modified_date":false},"product_cat":[50,250],"product_tag":[],"class_list":{"0":"post-4659","1":"product","2":"type-product","3":"status-publish","4":"has-post-thumbnail","6":"product_cat-accessories-high-tech","7":"product_cat-ring-light","9":"first","10":"instock","11":"taxable","12":"shipping-taxable","13":"purchasable","14":"product-type-simple","15":"col-xs-6 col-sm-4","16":"col-md-3 col-lg-3","17":"un-4-cols"},"jetpack_sharing_enabled":true,"_links":{"self":[{"href":"https:\/\/link-store.tn\/index.php?rest_route=\/wp\/v2\/product\/4659","targetHints":{"allow":["GET"]}}],"collection":[{"href":"https:\/\/link-store.tn\/index.php?rest_route=\/wp\/v2\/product"}],"about":[{"href":"https:\/\/link-store.tn\/index.php?rest_route=\/wp\/v2\/types\/product"}],"wp:featuredmedia":[{"embeddable":true,"href":"https:\/\/link-store.tn\/index.php?rest_route=\/wp\/v2\/media\/4660"}],"wp:attachment":[{"href":"https:\/\/link-store.tn\/index.php?rest_route=%2Fwp%2Fv2%2Fmedia&parent=4659"}],"wp:term":[{"taxonomy":"product_cat","embeddable":true,"href":"https:\/\/link-store.tn\/index.php?rest_route=%2Fwp%2Fv2%2Fproduct_cat&post=4659"},{"taxonomy":"product_tag","embeddable":true,"href":"https:\/\/link-store.tn\/index.php?rest_route=%2Fwp%2Fv2%2Fproduct_tag&post=4659"}],"curies":[{"name":"wp","href":"https:\/\/api.w.org\/{rel}","templated":true}]}}