{"id":4775,"date":"2024-10-13T16:20:24","date_gmt":"2024-10-13T16:20:24","guid":{"rendered":"https:\/\/link-store.tn\/?post_type=product&#038;p=4775"},"modified":"2024-10-13T16:23:19","modified_gmt":"2024-10-13T16:23:19","slug":"ceinture-montre-connecte-en-nylon-souple-2","status":"publish","type":"product","link":"https:\/\/link-store.tn\/?product=ceinture-montre-connecte-en-nylon-souple-2","title":{"rendered":"Ceinture Montre Connect\u00e9 en nylon souple"},"content":{"rendered":"<p>1. Fermeture auto-agrippante : les boucles de fixation sont solidement ancr\u00e9es pour une durabilit\u00e9 sup\u00e9rieure. Ajustement facile et rapide de la taille du poignet.<\/p>\n<p>2. Mat\u00e9riau en nylon souple : le bracelet est fabriqu\u00e9 en nylon souple, il est tr\u00e8s confortable et respirant \u00e0 porter. Vous faire vivre une bonne exp\u00e9rience<\/p>\n<p>3. Design dernier cri et \u00e9l\u00e9gant : ce bracelet de montre est notre dernier design. Il a un style sportif et \u00e9l\u00e9gant pour rendre votre montre unique.<\/p>\n<p><img fetchpriority=\"high\" decoding=\"async\" class=\"alignnone size-full wp-image-4768\" src=\"https:\/\/link-store.tn\/wp-content\/uploads\/2024\/10\/S6939d07721ba448193c51ec636a56be5e1.webp\" alt=\"\" width=\"1000\" height=\"1000\" srcset=\"https:\/\/link-store.tn\/wp-content\/uploads\/2024\/10\/S6939d07721ba448193c51ec636a56be5e1.webp 1000w, https:\/\/link-store.tn\/wp-content\/uploads\/2024\/10\/S6939d07721ba448193c51ec636a56be5e1-300x300.webp 300w, https:\/\/link-store.tn\/wp-content\/uploads\/2024\/10\/S6939d07721ba448193c51ec636a56be5e1-150x150.webp 150w, https:\/\/link-store.tn\/wp-content\/uploads\/2024\/10\/S6939d07721ba448193c51ec636a56be5e1-768x768.webp 768w, https:\/\/link-store.tn\/wp-content\/uploads\/2024\/10\/S6939d07721ba448193c51ec636a56be5e1-370x370.webp 370w, https:\/\/link-store.tn\/wp-content\/uploads\/2024\/10\/S6939d07721ba448193c51ec636a56be5e1-600x600.webp 600w, https:\/\/link-store.tn\/wp-content\/uploads\/2024\/10\/S6939d07721ba448193c51ec636a56be5e1-100x100.webp 100w\" sizes=\"(max-width: 1000px) 100vw, 1000px\" \/><\/p>\n<p><img decoding=\"async\" class=\"alignnone size-full wp-image-4769\" src=\"https:\/\/link-store.tn\/wp-content\/uploads\/2024\/10\/S67104aa52d84412381a01049aac49a7dC1.webp\" alt=\"\" width=\"1000\" height=\"1000\" srcset=\"https:\/\/link-store.tn\/wp-content\/uploads\/2024\/10\/S67104aa52d84412381a01049aac49a7dC1.webp 1000w, https:\/\/link-store.tn\/wp-content\/uploads\/2024\/10\/S67104aa52d84412381a01049aac49a7dC1-300x300.webp 300w, https:\/\/link-store.tn\/wp-content\/uploads\/2024\/10\/S67104aa52d84412381a01049aac49a7dC1-150x150.webp 150w, https:\/\/link-store.tn\/wp-content\/uploads\/2024\/10\/S67104aa52d84412381a01049aac49a7dC1-768x768.webp 768w, https:\/\/link-store.tn\/wp-content\/uploads\/2024\/10\/S67104aa52d84412381a01049aac49a7dC1-370x370.webp 370w, https:\/\/link-store.tn\/wp-content\/uploads\/2024\/10\/S67104aa52d84412381a01049aac49a7dC1-600x600.webp 600w, https:\/\/link-store.tn\/wp-content\/uploads\/2024\/10\/S67104aa52d84412381a01049aac49a7dC1-100x100.webp 100w\" sizes=\"(max-width: 1000px) 100vw, 1000px\" \/><\/p>\n","protected":false},"excerpt":{"rendered":"<ul>\n<li>Ceinture <strong>en nylon<\/strong> Pour Montres <strong>24MM<\/strong><\/li>\n<li><strong>Fabriqu\u00e9 en <span data-spm-anchor-id=\"a2g0o.detail.0.i9.47206KIq6KIqUx\">Nylon<\/span><br \/>\n<\/strong><\/li>\n<li>Confortable et respirant<\/li>\n<li>De haute qualit\u00e9 et durable<\/li>\n<li>Couleur: Vert<\/li>\n<\/ul>\n","protected":false},"featured_media":4776,"template":"","meta":{"rank_math_lock_modified_date":false},"product_cat":[95,76],"product_tag":[],"class_list":{"0":"post-4775","1":"product","2":"type-product","3":"status-publish","4":"has-post-thumbnail","6":"product_cat-accessoires_montre","7":"product_cat-smartwatch","8":"product_brand-link-store","10":"first","11":"instock","12":"taxable","13":"shipping-taxable","14":"purchasable","15":"product-type-simple","16":"col-xs-6 col-sm-4","17":"col-md-3 col-lg-3","18":"un-4-cols"},"jetpack_sharing_enabled":true,"_links":{"self":[{"href":"https:\/\/link-store.tn\/index.php?rest_route=\/wp\/v2\/product\/4775","targetHints":{"allow":["GET"]}}],"collection":[{"href":"https:\/\/link-store.tn\/index.php?rest_route=\/wp\/v2\/product"}],"about":[{"href":"https:\/\/link-store.tn\/index.php?rest_route=\/wp\/v2\/types\/product"}],"wp:featuredmedia":[{"embeddable":true,"href":"https:\/\/link-store.tn\/index.php?rest_route=\/wp\/v2\/media\/4776"}],"wp:attachment":[{"href":"https:\/\/link-store.tn\/index.php?rest_route=%2Fwp%2Fv2%2Fmedia&parent=4775"}],"wp:term":[{"taxonomy":"product_cat","embeddable":true,"href":"https:\/\/link-store.tn\/index.php?rest_route=%2Fwp%2Fv2%2Fproduct_cat&post=4775"},{"taxonomy":"product_tag","embeddable":true,"href":"https:\/\/link-store.tn\/index.php?rest_route=%2Fwp%2Fv2%2Fproduct_tag&post=4775"}],"curies":[{"name":"wp","href":"https:\/\/api.w.org\/{rel}","templated":true}]}}