{"id":4783,"date":"2024-10-13T16:50:41","date_gmt":"2024-10-13T16:50:41","guid":{"rendered":"https:\/\/link-store.tn\/?post_type=product&#038;p=4783"},"modified":"2024-10-13T17:00:33","modified_gmt":"2024-10-13T17:00:33","slug":"ceinture-montre-connecte-tresse-extensible-2","status":"publish","type":"product","link":"https:\/\/link-store.tn\/?product=ceinture-montre-connecte-tresse-extensible-2","title":{"rendered":"Ceinture Montre Connect\u00e9 Tress\u00e9 Extensible"},"content":{"rendered":"<h4 id=\"tl_1\" class=\"detailmodule_text\" data-spm-anchor-id=\"a2g0o.detail.1000023.i2.26c0obhwobhwLl\">Bracelet de 20mm pour Samsung Galaxy Watch 4 Classic\/5 pro\/46mm\/3\/active 2\/s3 Bracelet Solo \u00e9lastique tress\u00e9 Huawei watch GT 2e pro band<\/h4>\n<p id=\"tl_2\" class=\"detailmodule_text\" data-spm-anchor-id=\"a2g0o.detail.1000023.i1.26c0obhwobhwLl\">\u3010Brevets en pendance\u3011\u3010Mod\u00e8les compatibles\u3011Les bracelets de montre tress\u00e9s sont compatibles avec un bracelet de montre de 20mm, une montre de 22mm<\/p>\n<div class=\"detailmodule_text\">\n<p id=\"tl_4\" align=\"left\" data-spm-anchor-id=\"a2g0o.detail.1000023.i0.26c0obhwobhwLl\">\u3010Conception personnalis\u00e9e\u3011Le bracelet de montre extensible et r\u00e9glable est am\u00e9lior\u00e9. La conception \u00e9l\u00e9gante des boucles en acier inoxydable vous permet d&rsquo;ajuster la taille de la boucle comme vous le souhaitez. Avec l&rsquo;\u00e9lastique super extensible, facile \u00e0 mettre ou \u00e0 enlever. Ce qui en fait une excellente alternative aux bandes de silicone pour l&rsquo;exercice.<br \/>\n\u3010Mat\u00e9riau respectueux de la peau\u3011Fabriqu\u00e9 \u00e0 partir de mat\u00e9riaux recycl\u00e9s \u00e0 100%, les filaments de fil de polyester dans chaque bande sont entrelac\u00e9s avec de minces fils de silicone \u00e0 l&rsquo;aide de machines de tressage avanc\u00e9es. La construction 300D offre une sensation douce et textur\u00e9e. Respectueux de la peau, durable, respirant et l\u00e9ger.<br \/>\n\u3010Facile \u00e0 installer et \u00e0 retirer \u3011Le bracelet sport tress\u00e9 \u00e0 boucle solo est livr\u00e9 avec des cosses de montre aux deux extr\u00e9mit\u00e9s, qui se verrouillent sur votre montre avec pr\u00e9cision et en toute s\u00e9curit\u00e9. Facile \u00e0 installer directement et \u00e0 enlever.<br \/>\n\u3010Meilleur cadeau\u3011Une vari\u00e9t\u00e9 de couleurs sont disponibles pour vous de choisir. Parfait pour un excellent choix de cadeaux pour mariage, anniversaire, Saint-Valentin, No\u00ebl, Thanksgiving<\/p>\n<\/div>\n<div class=\"detailmodule_image\">\n<p><img fetchpriority=\"high\" decoding=\"async\" class=\"alignnone size-full wp-image-4779\" src=\"https:\/\/link-store.tn\/wp-content\/uploads\/2024\/10\/S78ee88ae796b4861a1f58b73852bc9b1T1.webp\" alt=\"\" width=\"1600\" height=\"1600\" srcset=\"https:\/\/link-store.tn\/wp-content\/uploads\/2024\/10\/S78ee88ae796b4861a1f58b73852bc9b1T1.webp 1600w, https:\/\/link-store.tn\/wp-content\/uploads\/2024\/10\/S78ee88ae796b4861a1f58b73852bc9b1T1-300x300.webp 300w, https:\/\/link-store.tn\/wp-content\/uploads\/2024\/10\/S78ee88ae796b4861a1f58b73852bc9b1T1-1024x1024.webp 1024w, https:\/\/link-store.tn\/wp-content\/uploads\/2024\/10\/S78ee88ae796b4861a1f58b73852bc9b1T1-150x150.webp 150w, https:\/\/link-store.tn\/wp-content\/uploads\/2024\/10\/S78ee88ae796b4861a1f58b73852bc9b1T1-768x768.webp 768w, https:\/\/link-store.tn\/wp-content\/uploads\/2024\/10\/S78ee88ae796b4861a1f58b73852bc9b1T1-1536x1536.webp 1536w, https:\/\/link-store.tn\/wp-content\/uploads\/2024\/10\/S78ee88ae796b4861a1f58b73852bc9b1T1-370x370.webp 370w, https:\/\/link-store.tn\/wp-content\/uploads\/2024\/10\/S78ee88ae796b4861a1f58b73852bc9b1T1-1320x1320.webp 1320w, https:\/\/link-store.tn\/wp-content\/uploads\/2024\/10\/S78ee88ae796b4861a1f58b73852bc9b1T1-600x600.webp 600w, https:\/\/link-store.tn\/wp-content\/uploads\/2024\/10\/S78ee88ae796b4861a1f58b73852bc9b1T1-100x100.webp 100w\" sizes=\"(max-width: 1600px) 100vw, 1600px\" \/><\/p>\n<p><img decoding=\"async\" class=\"alignnone size-full wp-image-4780\" src=\"https:\/\/link-store.tn\/wp-content\/uploads\/2024\/10\/Sb2e16afa986047e7b5cde0113d16649el1.webp\" alt=\"\" width=\"1600\" height=\"1600\" srcset=\"https:\/\/link-store.tn\/wp-content\/uploads\/2024\/10\/Sb2e16afa986047e7b5cde0113d16649el1.webp 1600w, https:\/\/link-store.tn\/wp-content\/uploads\/2024\/10\/Sb2e16afa986047e7b5cde0113d16649el1-300x300.webp 300w, https:\/\/link-store.tn\/wp-content\/uploads\/2024\/10\/Sb2e16afa986047e7b5cde0113d16649el1-1024x1024.webp 1024w, https:\/\/link-store.tn\/wp-content\/uploads\/2024\/10\/Sb2e16afa986047e7b5cde0113d16649el1-150x150.webp 150w, https:\/\/link-store.tn\/wp-content\/uploads\/2024\/10\/Sb2e16afa986047e7b5cde0113d16649el1-768x768.webp 768w, https:\/\/link-store.tn\/wp-content\/uploads\/2024\/10\/Sb2e16afa986047e7b5cde0113d16649el1-1536x1536.webp 1536w, https:\/\/link-store.tn\/wp-content\/uploads\/2024\/10\/Sb2e16afa986047e7b5cde0113d16649el1-370x370.webp 370w, https:\/\/link-store.tn\/wp-content\/uploads\/2024\/10\/Sb2e16afa986047e7b5cde0113d16649el1-1320x1320.webp 1320w, https:\/\/link-store.tn\/wp-content\/uploads\/2024\/10\/Sb2e16afa986047e7b5cde0113d16649el1-600x600.webp 600w, https:\/\/link-store.tn\/wp-content\/uploads\/2024\/10\/Sb2e16afa986047e7b5cde0113d16649el1-100x100.webp 100w\" sizes=\"(max-width: 1600px) 100vw, 1600px\" \/><img decoding=\"async\" class=\"alignnone size-full wp-image-4781\" src=\"https:\/\/link-store.tn\/wp-content\/uploads\/2024\/10\/S4a6df63325524c87ba2b2815ca1a54f9x1.webp\" alt=\"\" width=\"1500\" height=\"1500\" srcset=\"https:\/\/link-store.tn\/wp-content\/uploads\/2024\/10\/S4a6df63325524c87ba2b2815ca1a54f9x1.webp 1500w, https:\/\/link-store.tn\/wp-content\/uploads\/2024\/10\/S4a6df63325524c87ba2b2815ca1a54f9x1-300x300.webp 300w, https:\/\/link-store.tn\/wp-content\/uploads\/2024\/10\/S4a6df63325524c87ba2b2815ca1a54f9x1-1024x1024.webp 1024w, https:\/\/link-store.tn\/wp-content\/uploads\/2024\/10\/S4a6df63325524c87ba2b2815ca1a54f9x1-150x150.webp 150w, https:\/\/link-store.tn\/wp-content\/uploads\/2024\/10\/S4a6df63325524c87ba2b2815ca1a54f9x1-768x768.webp 768w, https:\/\/link-store.tn\/wp-content\/uploads\/2024\/10\/S4a6df63325524c87ba2b2815ca1a54f9x1-370x370.webp 370w, https:\/\/link-store.tn\/wp-content\/uploads\/2024\/10\/S4a6df63325524c87ba2b2815ca1a54f9x1-1320x1320.webp 1320w, https:\/\/link-store.tn\/wp-content\/uploads\/2024\/10\/S4a6df63325524c87ba2b2815ca1a54f9x1-600x600.webp 600w, https:\/\/link-store.tn\/wp-content\/uploads\/2024\/10\/S4a6df63325524c87ba2b2815ca1a54f9x1-100x100.webp 100w\" sizes=\"(max-width: 1500px) 100vw, 1500px\" \/><\/p>\n<\/div>\n","protected":false},"excerpt":{"rendered":"<ul>\n<li>Ceinture pour Montres <strong>20MM<\/strong><\/li>\n<li><strong>Fabriqu\u00e9 \u00e0 partir de mat\u00e9riaux recycl\u00e9s \u00e0 100%,<br \/>\n<\/strong><\/li>\n<li>Confortable et respirant<\/li>\n<li>De haute qualit\u00e9 et durable<\/li>\n<li>bracelet de montre extensible<\/li>\n<li>Couleur: Noir<\/li>\n<\/ul>\n","protected":false},"featured_media":4784,"template":"","meta":{"rank_math_lock_modified_date":false},"product_cat":[95,76],"product_tag":[],"class_list":{"0":"post-4783","1":"product","2":"type-product","3":"status-publish","4":"has-post-thumbnail","6":"product_cat-accessoires_montre","7":"product_cat-smartwatch","8":"product_brand-link-store","10":"first","11":"instock","12":"taxable","13":"shipping-taxable","14":"purchasable","15":"product-type-simple","16":"col-xs-6 col-sm-4","17":"col-md-3 col-lg-3","18":"un-4-cols"},"jetpack_sharing_enabled":true,"_links":{"self":[{"href":"https:\/\/link-store.tn\/index.php?rest_route=\/wp\/v2\/product\/4783","targetHints":{"allow":["GET"]}}],"collection":[{"href":"https:\/\/link-store.tn\/index.php?rest_route=\/wp\/v2\/product"}],"about":[{"href":"https:\/\/link-store.tn\/index.php?rest_route=\/wp\/v2\/types\/product"}],"wp:featuredmedia":[{"embeddable":true,"href":"https:\/\/link-store.tn\/index.php?rest_route=\/wp\/v2\/media\/4784"}],"wp:attachment":[{"href":"https:\/\/link-store.tn\/index.php?rest_route=%2Fwp%2Fv2%2Fmedia&parent=4783"}],"wp:term":[{"taxonomy":"product_cat","embeddable":true,"href":"https:\/\/link-store.tn\/index.php?rest_route=%2Fwp%2Fv2%2Fproduct_cat&post=4783"},{"taxonomy":"product_tag","embeddable":true,"href":"https:\/\/link-store.tn\/index.php?rest_route=%2Fwp%2Fv2%2Fproduct_tag&post=4783"}],"curies":[{"name":"wp","href":"https:\/\/api.w.org\/{rel}","templated":true}]}}