{"id":5075,"date":"2024-10-20T15:02:09","date_gmt":"2024-10-20T15:02:09","guid":{"rendered":"https:\/\/link-store.tn\/?post_type=product&#038;p=5075"},"modified":"2024-10-20T15:06:52","modified_gmt":"2024-10-20T15:06:52","slug":"cache-de-protection-iphone-12","status":"publish","type":"product","link":"https:\/\/link-store.tn\/?product=cache-de-protection-iphone-12","title":{"rendered":"Cache de Protection IPHONE"},"content":{"rendered":"<ul>\n<li><span data-spm-anchor-id=\"a2g0o.detail.0.i14.5157FOK2FOK2Rg\">Caract\u00e9ristiques<\/span> :\u00a0Anti-rayures,Anti-empreintes Digitales,Anti-poussi\u00e8re,heavy duty,Recharge sans fil,Film miroir,Mat\/Anti-\u00e9blouissement,lightweight,R\u00e9fl\u00e9chissant<\/li>\n<li>Conception : <span data-spm-anchor-id=\"a2g0o.detail.0.i8.6ca3Q3n7Q3n7qR\">Plaine,Animaux<\/span><\/li>\n<li>Type : Demi-envelopp\u00e9 de cas<\/li>\n<li><strong>Mod\u00e8le<\/strong>:\u00a0 iphone 13 pro max, iphone 12<\/li>\n<\/ul>\n<div class=\"specification--prop--Jh28bKu\"><\/div>\n","protected":false},"excerpt":{"rendered":"<ul>\n<li><span data-spm-anchor-id=\"a2g0o.detail.0.i14.5157FOK2FOK2Rg\">Caract\u00e9ristiques<\/span> :\u00a0Anti-rayures,Anti-empreintes Digitales,Anti-poussi\u00e8re,heavy duty,Recharge sans fil,Film miroir,Mat\/Anti-\u00e9blouissement,lightweight,R\u00e9fl\u00e9chissant<\/li>\n<li>Conception : <span data-spm-anchor-id=\"a2g0o.detail.0.i8.6ca3Q3n7Q3n7qR\">Plaine,Animaux<\/span><\/li>\n<li>Type : Demi-envelopp\u00e9 de cas<\/li>\n<li><strong>Mod\u00e8le<\/strong>:\u00a0 iphone 13 pro max, iphone 12<\/li>\n<\/ul>\n","protected":false},"featured_media":5076,"template":"","meta":{"rank_math_lock_modified_date":false},"product_cat":[50,55],"product_tag":[],"class_list":{"0":"post-5075","1":"product","2":"type-product","3":"status-publish","4":"has-post-thumbnail","6":"product_cat-accessories-high-tech","7":"product_cat-cache","8":"product_brand-link-store","10":"first","11":"instock","12":"taxable","13":"shipping-taxable","14":"purchasable","15":"product-type-simple","16":"col-xs-6 col-sm-4","17":"col-md-3 col-lg-3","18":"un-4-cols"},"jetpack_sharing_enabled":true,"_links":{"self":[{"href":"https:\/\/link-store.tn\/index.php?rest_route=\/wp\/v2\/product\/5075","targetHints":{"allow":["GET"]}}],"collection":[{"href":"https:\/\/link-store.tn\/index.php?rest_route=\/wp\/v2\/product"}],"about":[{"href":"https:\/\/link-store.tn\/index.php?rest_route=\/wp\/v2\/types\/product"}],"wp:featuredmedia":[{"embeddable":true,"href":"https:\/\/link-store.tn\/index.php?rest_route=\/wp\/v2\/media\/5076"}],"wp:attachment":[{"href":"https:\/\/link-store.tn\/index.php?rest_route=%2Fwp%2Fv2%2Fmedia&parent=5075"}],"wp:term":[{"taxonomy":"product_cat","embeddable":true,"href":"https:\/\/link-store.tn\/index.php?rest_route=%2Fwp%2Fv2%2Fproduct_cat&post=5075"},{"taxonomy":"product_tag","embeddable":true,"href":"https:\/\/link-store.tn\/index.php?rest_route=%2Fwp%2Fv2%2Fproduct_tag&post=5075"}],"curies":[{"name":"wp","href":"https:\/\/api.w.org\/{rel}","templated":true}]}}