{"id":5340,"date":"2024-10-23T15:12:52","date_gmt":"2024-10-23T15:12:52","guid":{"rendered":"https:\/\/link-store.tn\/?post_type=product&#038;p=5340"},"modified":"2024-11-02T08:42:39","modified_gmt":"2024-11-02T08:42:39","slug":"smartphone-samsung-galaxy-s24-8-256","status":"publish","type":"product","link":"https:\/\/link-store.tn\/?product=smartphone-samsung-galaxy-s24-8-256","title":{"rendered":"Smartphone Samsung Galaxy S24 8\/256"},"content":{"rendered":"<ul>\n<li>\u00c9cran <strong>6.2&Prime; FHD+ Dynamic AMOLED 2X, 120Hz, HDR10+<\/strong> (2340 x 1080px)<\/li>\n<li><strong> Corning Gorilla Glass Victus2 <\/strong><\/li>\n<li><strong>Finition Aluminium Blind\u00e9 2.0 <\/strong><\/li>\n<li>Processeur:<strong> Exynos 2400 (4 nm) Deca-core<\/strong><\/li>\n<li>Syst\u00e8me d&rsquo;exploitation:<strong> Android 14 UI 6.1<\/strong><\/li>\n<li>M\u00e9moire RAM:<strong> 8Go <\/strong><\/li>\n<li>Stockage: <strong>256 Go<\/strong><\/li>\n<li><strong>Moteur ProVisual: <\/strong>Cam\u00e9ra arri\u00e8re Super HDR: <strong>Trio<\/strong> <strong>50 MP<\/strong> + <strong>10 MP<\/strong> +<strong> 12MP<\/strong> &#8211; Avant: <strong>12 MP<\/strong> &#8211; zoom num\u00e9rique jusqu&rsquo;\u00e0 30x &#8211; Vid\u00e9o:<strong> UHD 8<\/strong><strong>K (7680 x 4320px)<\/strong><\/li>\n<li><strong> Haut-parleurs st\u00e9r\u00e9o &#8211; AI: Circle to search, Live Translate(13 languages), Transcript assist, photo assist, interpreter assist &#8211; Note assist &#8211; Quick Share<\/strong><\/li>\n<li>S\u00e9curit\u00e9 et confidentialit\u00e9 prot\u00e9g\u00e9es par<strong> Knox Matrix<\/strong><\/li>\n<li>Connectivit\u00e9: <strong>WiFi 5G, Bluetooth 5.3<\/strong> &#8211;<strong> NFC &#8211; Lecteur d&#8217;empreinte digitale<\/strong><\/li>\n<li>Batterie: <strong>4000 mAh<\/strong> &#8211; Charge rapide de 0 \u00e0 65 % en 30 minutes<\/li>\n<li><strong>Regardez des vid\u00e9os jusqu\u2019\u00e0 28 heures, \u00c9coutez de la musique jusqu\u2019\u00e0 72 heures<\/strong><\/li>\n<li><strong> Chambre de refroidissement plus grande de 1.5X(gaming) <\/strong><\/li>\n<li>Samsung care+<\/li>\n<li>R\u00e9sistant \u00e0 l&rsquo;eau: <strong>IP68<\/strong><\/li>\n<li>Double sim<\/li>\n<li>USB Type C<\/li>\n<li>Couleur: Noi, Gris, Jaune, Violet<\/li>\n<li>Garantie: 1 an<\/li>\n<li><strong>Avec c\u00e2ble chargeur (Adaptateur non inclus)<\/strong><\/li>\n<\/ul>\n","protected":false},"excerpt":{"rendered":"<ul>\n<li>\u00c9cran <strong>6.2&Prime; FHD+ Dynamic AMOLED 2X, 120Hz, HDR10+<\/strong> (2340 x 1080px)<\/li>\n<li><strong> Corning Gorilla Glass Victus2 <\/strong><\/li>\n<li><strong>Finition Aluminium Blind\u00e9 2.0 <\/strong><\/li>\n<li>Processeur:<strong> Exynos 2400 (4 nm) Deca-core<\/strong><\/li>\n<li>Syst\u00e8me d&rsquo;exploitation:<strong> Android 14 UI 6.1<\/strong><\/li>\n<li>M\u00e9moire RAM:<strong> 8Go <\/strong><\/li>\n<li>Stockage: <strong>256 Go<\/strong><\/li>\n<li><strong>Moteur ProVisual: <\/strong>Cam\u00e9ra arri\u00e8re Super HDR: <strong>Trio<\/strong> <strong>50 MP<\/strong> + <strong>10 MP<\/strong> +<strong> 12MP<\/strong> &#8211; Avant: <strong>12 MP<\/strong> &#8211; zoom num\u00e9rique jusqu&rsquo;\u00e0 30x &#8211; Vid\u00e9o:<strong> UHD 8<\/strong><strong>K (7680 x 4320px)<\/strong><\/li>\n<li><strong> Haut-parleurs st\u00e9r\u00e9o &#8211; AI: Circle to search, Live Translate(13 languages), Transcript assist, photo assist, interpreter assist &#8211; Note assist &#8211; Quick Share<\/strong><\/li>\n<li>S\u00e9curit\u00e9 et confidentialit\u00e9 prot\u00e9g\u00e9es par<strong> Knox Matrix<\/strong><\/li>\n<li>Connectivit\u00e9: <strong>WiFi 5G, Bluetooth 5.3<\/strong> &#8211;<strong> NFC &#8211; Lecteur d&#8217;empreinte digitale<\/strong><\/li>\n<li>Batterie: <strong>4000 mAh<\/strong> &#8211; Charge rapide de 0 \u00e0 65 % en 30 minutes<\/li>\n<li><strong>Regardez des vid\u00e9os jusqu\u2019\u00e0 28 heures, \u00c9coutez de la musique jusqu\u2019\u00e0 72 heures<\/strong><\/li>\n<li><strong> Chambre de refroidissement plus grande de 1.5X(gaming) <\/strong><\/li>\n<li>Samsung care+<\/li>\n<li>R\u00e9sistant \u00e0 l&rsquo;eau: <strong>IP68<\/strong><\/li>\n<li>Double sim<\/li>\n<li>USB Type C<\/li>\n<li>Couleur: Noi, Gris, Jaune, Violet<\/li>\n<li>Garantie: 1 an<\/li>\n<li><strong>Avec c\u00e2ble chargeur (Adaptateur non inclus)<\/strong><\/li>\n<\/ul>\n","protected":false},"featured_media":5342,"template":"","meta":{"rank_math_lock_modified_date":false},"product_cat":[72,87],"product_tag":[],"class_list":{"0":"post-5340","1":"product","2":"type-product","3":"status-publish","4":"has-post-thumbnail","6":"product_cat-mobile_phone","7":"product_cat-smartphone","8":"product_brand-samsung","10":"first","11":"instock","12":"taxable","13":"shipping-taxable","14":"purchasable","15":"product-type-simple","16":"col-xs-6 col-sm-4","17":"col-md-3 col-lg-3","18":"un-4-cols"},"jetpack_sharing_enabled":true,"_links":{"self":[{"href":"https:\/\/link-store.tn\/index.php?rest_route=\/wp\/v2\/product\/5340","targetHints":{"allow":["GET"]}}],"collection":[{"href":"https:\/\/link-store.tn\/index.php?rest_route=\/wp\/v2\/product"}],"about":[{"href":"https:\/\/link-store.tn\/index.php?rest_route=\/wp\/v2\/types\/product"}],"wp:featuredmedia":[{"embeddable":true,"href":"https:\/\/link-store.tn\/index.php?rest_route=\/wp\/v2\/media\/5342"}],"wp:attachment":[{"href":"https:\/\/link-store.tn\/index.php?rest_route=%2Fwp%2Fv2%2Fmedia&parent=5340"}],"wp:term":[{"taxonomy":"product_cat","embeddable":true,"href":"https:\/\/link-store.tn\/index.php?rest_route=%2Fwp%2Fv2%2Fproduct_cat&post=5340"},{"taxonomy":"product_tag","embeddable":true,"href":"https:\/\/link-store.tn\/index.php?rest_route=%2Fwp%2Fv2%2Fproduct_tag&post=5340"}],"curies":[{"name":"wp","href":"https:\/\/api.w.org\/{rel}","templated":true}]}}