{"id":5375,"date":"2024-10-24T14:11:06","date_gmt":"2024-10-24T14:11:06","guid":{"rendered":"https:\/\/link-store.tn\/?post_type=product&#038;p=5375"},"modified":"2024-10-24T14:18:09","modified_gmt":"2024-10-24T14:18:09","slug":"smartphone-vivo-y28-8-256","status":"publish","type":"product","link":"https:\/\/link-store.tn\/?product=smartphone-vivo-y28-8-256","title":{"rendered":"Smartphone Vivo Y28 8\/256"},"content":{"rendered":"<ul>\n<li>\u00c9cran\u00a0<strong>6.68&Prime; LCD <\/strong><strong>(1608 x 720pixels), 90Hz<\/strong><\/li>\n<li>Processeur: <strong>H\u00e9lio G85 (12 nm)<\/strong>\u00a0<strong>Octa-core <\/strong><\/li>\n<li>Syst\u00e8me d&rsquo;exploitation: <strong>Android 14, FuntouchOS 14<\/strong><\/li>\n<li>RAM: <strong>8Go (extensible jusqu&rsquo;\u00e0 16Go)<\/strong><\/li>\n<li>Stockage: <strong>256Go<\/strong>\u00a0&#8211; Appareils Photos Arri\u00e8re:\u00a0<strong>Dual\u00a0<\/strong><strong>50<\/strong><strong>MP + 2MP<\/strong>, Frontale:\u00a0<strong>8MP<\/strong><\/li>\n<li>Connectivit\u00e9: Wifi <strong>4G\u00a0<\/strong>et Bluetooth 5.0<\/li>\n<li>Batterie: <strong>6000mAh &#8211; Charge rapide 44W <\/strong><\/li>\n<li><strong>Empreinte digitale<\/strong><\/li>\n<li><strong>Haut-parleur Double st\u00e9r\u00e9o <\/strong>&#8211; 300% Volume et audio immersif<\/li>\n<li>R\u00e9sistance \u00e0 la poussi\u00e8re et \u00e0 l&rsquo;eau <strong>IP64 <\/strong><\/li>\n<li>Double SIM<\/li>\n<li>Couleur: Orange, Vert<\/li>\n<li>Garantie : 1 an<\/li>\n<\/ul>\n","protected":false},"excerpt":{"rendered":"<ul>\n<li>\u00c9cran\u00a0<strong>6.68&Prime; LCD <\/strong><strong>(1608 x 720pixels), 90Hz<\/strong><\/li>\n<li>Processeur: <strong>H\u00e9lio G85 (12 nm)<\/strong>\u00a0<strong>Octa-core <\/strong><\/li>\n<li>Syst\u00e8me d&rsquo;exploitation: <strong>Android 14, FuntouchOS 14<\/strong><\/li>\n<li>RAM: <strong>8Go (extensible jusqu&rsquo;\u00e0 16Go)<\/strong><\/li>\n<li>Stockage: <strong>256Go<\/strong>\u00a0&#8211; Appareils Photos Arri\u00e8re:\u00a0<strong>Dual\u00a0<\/strong><strong>50<\/strong><strong>MP + 2MP<\/strong>, Frontale:\u00a0<strong>8MP<\/strong><\/li>\n<li>Connectivit\u00e9: Wifi <strong>4G\u00a0<\/strong>et Bluetooth 5.0<\/li>\n<li>Batterie: <strong>6000mAh &#8211; Charge rapide 44W <\/strong><\/li>\n<li><strong>Empreinte digitale<\/strong><\/li>\n<li><strong>Haut-parleur Double st\u00e9r\u00e9o <\/strong>&#8211; 300% Volume et audio immersif<\/li>\n<li>R\u00e9sistance \u00e0 la poussi\u00e8re et \u00e0 l&rsquo;eau <strong>IP64 <\/strong><\/li>\n<li>Double SIM<\/li>\n<li>Couleur: Orange, Vert<\/li>\n<li>Garantie : 1 an<\/li>\n<\/ul>\n","protected":false},"featured_media":5376,"template":"","meta":{"rank_math_lock_modified_date":false},"product_cat":[72,87],"product_tag":[],"class_list":{"0":"post-5375","1":"product","2":"type-product","3":"status-publish","4":"has-post-thumbnail","6":"product_cat-mobile_phone","7":"product_cat-smartphone","8":"product_brand-vivo","10":"first","11":"instock","12":"taxable","13":"shipping-taxable","14":"purchasable","15":"product-type-simple","16":"col-xs-6 col-sm-4","17":"col-md-3 col-lg-3","18":"un-4-cols"},"jetpack_sharing_enabled":true,"_links":{"self":[{"href":"https:\/\/link-store.tn\/index.php?rest_route=\/wp\/v2\/product\/5375","targetHints":{"allow":["GET"]}}],"collection":[{"href":"https:\/\/link-store.tn\/index.php?rest_route=\/wp\/v2\/product"}],"about":[{"href":"https:\/\/link-store.tn\/index.php?rest_route=\/wp\/v2\/types\/product"}],"wp:featuredmedia":[{"embeddable":true,"href":"https:\/\/link-store.tn\/index.php?rest_route=\/wp\/v2\/media\/5376"}],"wp:attachment":[{"href":"https:\/\/link-store.tn\/index.php?rest_route=%2Fwp%2Fv2%2Fmedia&parent=5375"}],"wp:term":[{"taxonomy":"product_cat","embeddable":true,"href":"https:\/\/link-store.tn\/index.php?rest_route=%2Fwp%2Fv2%2Fproduct_cat&post=5375"},{"taxonomy":"product_tag","embeddable":true,"href":"https:\/\/link-store.tn\/index.php?rest_route=%2Fwp%2Fv2%2Fproduct_tag&post=5375"}],"curies":[{"name":"wp","href":"https:\/\/api.w.org\/{rel}","templated":true}]}}