{"id":5545,"date":"2024-10-28T13:34:30","date_gmt":"2024-10-28T13:34:30","guid":{"rendered":"https:\/\/link-store.tn\/?post_type=product&#038;p=5545"},"modified":"2024-12-01T02:38:13","modified_gmt":"2024-12-01T02:38:13","slug":"airpods-ecran-tactile-lcd-inkax-t05d-anc","status":"publish","type":"product","link":"https:\/\/link-store.tn\/?product=airpods-ecran-tactile-lcd-inkax-t05d-anc","title":{"rendered":"AIRPODS \u00c9CRAN TACTILE LCD INKAX T05D &#8211; ANC"},"content":{"rendered":"<p><strong>INTELLIGENCE DU BRUIT<\/strong> : CES \u00c9COUTEURS SONT DOT\u00c9S D\u2019UNE TECHNOLOGIE DE R\u00c9DUCTION INTELLIGENTE DU BRUIT, R\u00c9DUISANT EFFICACEMENT LES INTERF\u00c9RENCES DU BRUIT AMBIANT ET PERMETTANT AUX UTILISATEURS DE SE CONCENTRER DAVANTAGE SUR LA MUSIQUE, LES APPELS OU D\u2019AUTRES CONTENUS MULTIM\u00c9DIAS.<\/p>\n<p><strong>CONCEPTION DE L\u2019\u00c9CRAN D\u2019AFFICHAGE<\/strong> : CONTRAIREMENT AUX \u00c9COUTEURS TRADITIONNELS, CES \u00c9COUTEURS DISPOSENT D\u2019UN \u00c9CRAN D\u2019AFFICHAGE INT\u00c9GR\u00c9 QUI PEUT AFFICHER LES INFORMATIONS MUSICALES ACTUELLES, L\u2019\u00c9TAT DES APPELS, LE NIVEAU DE LA BATTERIE ET D\u2019AUTRES INFORMATIONS PERTINENTES, OFFRANT AUX UTILISATEURS UNE EXP\u00c9RIENCE D\u2019UTILISATION PLUS INTUITIVE. FONCTIONNEMENT MULTIFONCTION : GR\u00c2CE \u00c0 L\u2019\u00c9CRAN D\u2019AFFICHAGE, LES UTILISATEURS PEUVENT FACILEMENT CONTR\u00d4LER DIVERSES FONCTIONS DU CASQUE, TELLES QUE LE R\u00c9GLAGE DU VOLUME, LE CHANGEMENT DE CHANSON, LA R\u00c9PONSE\/RACCROCHAGE DES APPELS, ETC., RENDANT L\u2019OP\u00c9RATION PLUS PRATIQUE. EXP\u00c9RIENCE SONORE DE HAUTE QUALIT\u00c9 : EN PLUS DE LA FONCTIONNALIT\u00c9 DE SUPPRESSION DU BRUIT, CES \u00c9COUTEURS OFFRENT G\u00c9N\u00c9RALEMENT UNE EXCELLENTE QUALIT\u00c9 SONORE, OFFRANT UN PLAISIR MUSICAL CLAIR ET PUR, PERMETTANT AUX UTILISATEURS DE S\u2019IMMERGER DANS L\u2019AUDIO.<\/p>\n<p><strong>CONCEPTION \u00c0 LA MODE<\/strong> : LA PLUPART DES \u00c9COUTEURS ANTIBRUIT AVEC \u00c9CRAN D\u2019AFFICHAGE SONT CON\u00c7US POUR \u00caTRE \u00c9L\u00c9GANTS, VISUELLEMENT ATTRAYANTS ET INT\u00c8GRENT SOUVENT DES \u00c9L\u00c9MENTS DE HAUTE TECHNOLOGIE, CE QUI EN FAIT LE CHOIX PR\u00c9F\u00c9R\u00c9 DES PERSONNES SOUCIEUSES DE LA MODE ET DES PASSIONN\u00c9S DE TECHNOLOGIE.<\/p>\n","protected":false},"excerpt":{"rendered":"<ul>\n<li><strong>INKAX T05D &#8211; ANC<\/strong><\/li>\n<li>Dimensions 4,5 \u00d7 6 \u00d7 2,4 cm<\/li>\n<li>Taille du paquet 10,4 x 10,4 x 4,5 cm<\/li>\n<li>Version BT V5.3<\/li>\n<li>Version \u00e0 distance &gt;10 m<\/li>\n<li>Capacit\u00e9 de la batterie <strong>300 mAh<\/strong><\/li>\n<li>\u00c9couteurs \u00e0 piles 3,7 V 30 mA * 2<\/li>\n<li>Temps de jeu <strong>4.5 heures<\/strong><\/li>\n<li>Port de charge <strong>type-C<\/strong><\/li>\n<li>Couleur blanc<\/li>\n<\/ul>\n","protected":false},"featured_media":5546,"template":"","meta":{"rank_math_lock_modified_date":false},"product_cat":[50,59],"product_tag":[],"class_list":{"0":"post-5545","1":"product","2":"type-product","3":"status-publish","4":"has-post-thumbnail","6":"product_cat-accessories-high-tech","7":"product_cat-kit-casque","8":"product_brand-inkax","10":"first","11":"instock","12":"taxable","13":"shipping-taxable","14":"purchasable","15":"product-type-simple","16":"col-xs-6 col-sm-4","17":"col-md-3 col-lg-3","18":"un-4-cols"},"jetpack_sharing_enabled":true,"_links":{"self":[{"href":"https:\/\/link-store.tn\/index.php?rest_route=\/wp\/v2\/product\/5545","targetHints":{"allow":["GET"]}}],"collection":[{"href":"https:\/\/link-store.tn\/index.php?rest_route=\/wp\/v2\/product"}],"about":[{"href":"https:\/\/link-store.tn\/index.php?rest_route=\/wp\/v2\/types\/product"}],"wp:featuredmedia":[{"embeddable":true,"href":"https:\/\/link-store.tn\/index.php?rest_route=\/wp\/v2\/media\/5546"}],"wp:attachment":[{"href":"https:\/\/link-store.tn\/index.php?rest_route=%2Fwp%2Fv2%2Fmedia&parent=5545"}],"wp:term":[{"taxonomy":"product_cat","embeddable":true,"href":"https:\/\/link-store.tn\/index.php?rest_route=%2Fwp%2Fv2%2Fproduct_cat&post=5545"},{"taxonomy":"product_tag","embeddable":true,"href":"https:\/\/link-store.tn\/index.php?rest_route=%2Fwp%2Fv2%2Fproduct_tag&post=5545"}],"curies":[{"name":"wp","href":"https:\/\/api.w.org\/{rel}","templated":true}]}}